{"id":16651,"date":"2022-03-21T14:37:23","date_gmt":"2022-03-21T13:37:23","guid":{"rendered":"https:\/\/www.madmaze-experience.com\/mad-news\/"},"modified":"2022-06-24T10:44:18","modified_gmt":"2022-06-24T08:44:18","slug":"mad-news","status":"publish","type":"page","link":"https:\/\/www.madmaze-experience.com\/en\/mad-news\/","title":{"rendered":"Mad News"},"content":{"rendered":"\t\t<div data-elementor-type=\"wp-page\" data-elementor-id=\"16651\" class=\"elementor elementor-16651 elementor-15609\">\n\t\t\t\t\t\t\t\t\t<section class=\"elementor-section elementor-top-section elementor-element elementor-element-342bae9 banner_breadcrumb elementor-section-boxed elementor-section-height-default elementor-section-height-default\" data-id=\"342bae9\" data-element_type=\"section\" data-settings=\"{&quot;background_background&quot;:&quot;classic&quot;}\">\n\t\t\t\t\t\t<div class=\"elementor-container elementor-column-gap-default\">\n\t\t\t\t\t<div class=\"elementor-column elementor-col-100 elementor-top-column elementor-element elementor-element-0e61bde\" data-id=\"0e61bde\" data-element_type=\"column\">\n\t\t\t<div class=\"elementor-widget-wrap elementor-element-populated\">\n\t\t\t\t\t\t\t\t<div class=\"elementor-element elementor-element-ab7c402 page_title elementor-widget elementor-widget-elementskit-heading\" data-id=\"ab7c402\" data-element_type=\"widget\" data-widget_type=\"elementskit-heading.default\">\n\t\t\t\t<div class=\"elementor-widget-container\">\n\t\t\t<div class=\"ekit-wid-con\" ><div class=\"ekit-heading elementskit-section-title-wraper text_center   ekit_heading_tablet-   ekit_heading_mobile-\"><h1 class=\"ekit-heading--title elementskit-section-title \">\n\t\t\t\t\t\tMad News\n\t\t\t\t<\/h1><\/div><\/div>\t\t<\/div>\n\t\t\t\t<\/div>\n\t\t\t\t\t<\/div>\n\t\t<\/div>\n\t\t\t\t\t\t\t<\/div>\n\t\t<\/section>\n\t\t\t\t<section class=\"elementor-section elementor-top-section elementor-element elementor-element-ca83d5a elementor-section-boxed elementor-section-height-default elementor-section-height-default\" data-id=\"ca83d5a\" data-element_type=\"section\" data-settings=\"{&quot;background_background&quot;:&quot;classic&quot;}\">\n\t\t\t\t\t\t<div class=\"elementor-container elementor-column-gap-default\">\n\t\t\t\t\t<div class=\"elementor-column elementor-col-33 elementor-top-column elementor-element elementor-element-135d2ed\" data-id=\"135d2ed\" data-element_type=\"column\">\n\t\t\t<div class=\"elementor-widget-wrap elementor-element-populated\">\n\t\t\t\t\t\t\t\t<div class=\"elementor-element elementor-element-169804d elementor-widget elementor-widget-heading\" data-id=\"169804d\" data-element_type=\"widget\" data-widget_type=\"heading.default\">\n\t\t\t\t<div class=\"elementor-widget-container\">\n\t\t\t<style>\/*! elementor - v3.6.4 - 13-04-2022 *\/\n.elementor-heading-title{padding:0;margin:0;line-height:1}.elementor-widget-heading .elementor-heading-title[class*=elementor-size-]>a{color:inherit;font-size:inherit;line-height:inherit}.elementor-widget-heading .elementor-heading-title.elementor-size-small{font-size:15px}.elementor-widget-heading .elementor-heading-title.elementor-size-medium{font-size:19px}.elementor-widget-heading .elementor-heading-title.elementor-size-large{font-size:29px}.elementor-widget-heading .elementor-heading-title.elementor-size-xl{font-size:39px}.elementor-widget-heading .elementor-heading-title.elementor-size-xxl{font-size:59px}<\/style><h2 class=\"elementor-heading-title elementor-size-default\">Follow us<\/h2>\t\t<\/div>\n\t\t\t\t<\/div>\n\t\t\t\t<div class=\"elementor-element elementor-element-88e0a91 elementor-shape-circle e-grid-align-left elementor-grid-0 elementor-widget elementor-widget-social-icons\" data-id=\"88e0a91\" data-element_type=\"widget\" data-widget_type=\"social-icons.default\">\n\t\t\t\t<div class=\"elementor-widget-container\">\n\t\t\t<style>\/*! elementor - v3.6.4 - 13-04-2022 *\/\n.elementor-widget-social-icons.elementor-grid-0 .elementor-widget-container,.elementor-widget-social-icons.elementor-grid-mobile-0 .elementor-widget-container,.elementor-widget-social-icons.elementor-grid-tablet-0 .elementor-widget-container{line-height:1;font-size:0}.elementor-widget-social-icons:not(.elementor-grid-0):not(.elementor-grid-tablet-0):not(.elementor-grid-mobile-0) .elementor-grid{display:inline-grid}.elementor-widget-social-icons .elementor-grid{grid-column-gap:var(--grid-column-gap,5px);grid-row-gap:var(--grid-row-gap,5px);grid-template-columns:var(--grid-template-columns);-webkit-box-pack:var(--justify-content,center);-ms-flex-pack:var(--justify-content,center);justify-content:var(--justify-content,center);justify-items:var(--justify-content,center)}.elementor-icon.elementor-social-icon{font-size:var(--icon-size,25px);line-height:var(--icon-size,25px);width:calc(var(--icon-size, 25px) + (2 * var(--icon-padding, .5em)));height:calc(var(--icon-size, 25px) + (2 * var(--icon-padding, .5em)))}.elementor-social-icon{--e-social-icon-icon-color:#fff;display:-webkit-inline-box;display:-ms-inline-flexbox;display:inline-flex;background-color:#818a91;-webkit-box-align:center;-ms-flex-align:center;align-items:center;-webkit-box-pack:center;-ms-flex-pack:center;justify-content:center;text-align:center;cursor:pointer}.elementor-social-icon i{color:var(--e-social-icon-icon-color)}.elementor-social-icon svg{fill:var(--e-social-icon-icon-color)}.elementor-social-icon:last-child{margin:0}.elementor-social-icon:hover{opacity:.9;color:#fff}.elementor-social-icon-android{background-color:#a4c639}.elementor-social-icon-apple{background-color:#999}.elementor-social-icon-behance{background-color:#1769ff}.elementor-social-icon-bitbucket{background-color:#205081}.elementor-social-icon-codepen{background-color:#000}.elementor-social-icon-delicious{background-color:#39f}.elementor-social-icon-deviantart{background-color:#05cc47}.elementor-social-icon-digg{background-color:#005be2}.elementor-social-icon-dribbble{background-color:#ea4c89}.elementor-social-icon-elementor{background-color:#d30c5c}.elementor-social-icon-envelope{background-color:#ea4335}.elementor-social-icon-facebook,.elementor-social-icon-facebook-f{background-color:#3b5998}.elementor-social-icon-flickr{background-color:#0063dc}.elementor-social-icon-foursquare{background-color:#2d5be3}.elementor-social-icon-free-code-camp,.elementor-social-icon-freecodecamp{background-color:#006400}.elementor-social-icon-github{background-color:#333}.elementor-social-icon-gitlab{background-color:#e24329}.elementor-social-icon-globe{background-color:#818a91}.elementor-social-icon-google-plus,.elementor-social-icon-google-plus-g{background-color:#dd4b39}.elementor-social-icon-houzz{background-color:#7ac142}.elementor-social-icon-instagram{background-color:#262626}.elementor-social-icon-jsfiddle{background-color:#487aa2}.elementor-social-icon-link{background-color:#818a91}.elementor-social-icon-linkedin,.elementor-social-icon-linkedin-in{background-color:#0077b5}.elementor-social-icon-medium{background-color:#00ab6b}.elementor-social-icon-meetup{background-color:#ec1c40}.elementor-social-icon-mixcloud{background-color:#273a4b}.elementor-social-icon-odnoklassniki{background-color:#f4731c}.elementor-social-icon-pinterest{background-color:#bd081c}.elementor-social-icon-product-hunt{background-color:#da552f}.elementor-social-icon-reddit{background-color:#ff4500}.elementor-social-icon-rss{background-color:#f26522}.elementor-social-icon-shopping-cart{background-color:#4caf50}.elementor-social-icon-skype{background-color:#00aff0}.elementor-social-icon-slideshare{background-color:#0077b5}.elementor-social-icon-snapchat{background-color:#fffc00}.elementor-social-icon-soundcloud{background-color:#f80}.elementor-social-icon-spotify{background-color:#2ebd59}.elementor-social-icon-stack-overflow{background-color:#fe7a15}.elementor-social-icon-steam{background-color:#00adee}.elementor-social-icon-stumbleupon{background-color:#eb4924}.elementor-social-icon-telegram{background-color:#2ca5e0}.elementor-social-icon-thumb-tack{background-color:#1aa1d8}.elementor-social-icon-tripadvisor{background-color:#589442}.elementor-social-icon-tumblr{background-color:#35465c}.elementor-social-icon-twitch{background-color:#6441a5}.elementor-social-icon-twitter{background-color:#1da1f2}.elementor-social-icon-viber{background-color:#665cac}.elementor-social-icon-vimeo{background-color:#1ab7ea}.elementor-social-icon-vk{background-color:#45668e}.elementor-social-icon-weibo{background-color:#dd2430}.elementor-social-icon-weixin{background-color:#31a918}.elementor-social-icon-whatsapp{background-color:#25d366}.elementor-social-icon-wordpress{background-color:#21759b}.elementor-social-icon-xing{background-color:#026466}.elementor-social-icon-yelp{background-color:#af0606}.elementor-social-icon-youtube{background-color:#cd201f}.elementor-social-icon-500px{background-color:#0099e5}.elementor-shape-rounded .elementor-icon.elementor-social-icon{border-radius:10%}.elementor-shape-circle .elementor-icon.elementor-social-icon{border-radius:50%}<\/style>\t\t<div class=\"elementor-social-icons-wrapper elementor-grid\">\n\t\t\t\t\t\t\t<span class=\"elementor-grid-item\">\n\t\t\t\t\t<a class=\"elementor-icon elementor-social-icon elementor-social-icon-facebook elementor-repeater-item-a2c8a67\" target=\"_blank\">\n\t\t\t\t\t\t<span class=\"elementor-screen-only\">Facebook<\/span>\n\t\t\t\t\t\t<i class=\"fab fa-facebook\"><\/i>\t\t\t\t\t<\/a>\n\t\t\t\t<\/span>\n\t\t\t\t\t\t\t<span class=\"elementor-grid-item\">\n\t\t\t\t\t<a class=\"elementor-icon elementor-social-icon elementor-social-icon-instagram elementor-repeater-item-3765773\" target=\"_blank\">\n\t\t\t\t\t\t<span class=\"elementor-screen-only\">Instagram<\/span>\n\t\t\t\t\t\t<i class=\"fab fa-instagram\"><\/i>\t\t\t\t\t<\/a>\n\t\t\t\t<\/span>\n\t\t\t\t\t<\/div>\n\t\t\t\t<\/div>\n\t\t\t\t<\/div>\n\t\t\t\t\t<\/div>\n\t\t<\/div>\n\t\t\t\t<div class=\"elementor-column elementor-col-66 elementor-top-column elementor-element elementor-element-17134da\" data-id=\"17134da\" data-element_type=\"column\">\n\t\t\t<div class=\"elementor-widget-wrap elementor-element-populated\">\n\t\t\t\t\t\t\t\t<div class=\"elementor-element elementor-element-7d41bbc elementor-widget elementor-widget-elementskit-blog-posts\" data-id=\"7d41bbc\" data-element_type=\"widget\" data-widget_type=\"elementskit-blog-posts.default\">\n\t\t\t\t<div class=\"elementor-widget-container\">\n\t\t\t<div class=\"ekit-wid-con\" >\n        <div id=\"post-items--7d41bbc\" class=\"row post-items ekit-blog-posts-content\">\n\n        \n            \n\n            <div class=\"col-md-12\">\n\n                                    <div class=\"elementskit-blog-block-post\">\n                        <div class=\"row no-gutters\">\n                                                            <div class=\"col-md-6 order-1\">\n                                    <a href=\"https:\/\/www.madmaze-experience.com\/en\/mad-maze-founders\/\" class=\"elementskit-entry-thumb\">\n                                        <img src=\"https:\/\/www.madmaze-experience.com\/wp-content\/uploads\/2020\/09\/fondateurs-parc-mad-maze-680x1024.jpg\" alt=\"Mad Maze founders\">\n                                    <\/a><!-- .elementskit-entry-thumb END -->\n                                <\/div>\n                            \n                            <div class=\"col-md-6 order-2\">\n                                <div class=\"elementskit-post-body \">\n                                    <div class=\"elementskit-entry-header\">\n                                                                                                        <h2 class=\"entry-title\">\n                    <a href=\"https:\/\/www.madmaze-experience.com\/en\/mad-maze-founders\/\">\n                            Mad Maze founders                    <\/a>\n                <\/h2>\n                                                        \n                                                                                                                            <div class=\"post-meta-list\">\n                                                                                                <span class=\"meta-date\">\n\n                                <i aria-hidden=\"true\" class=\"icon icon-calendar3\"><\/i>\n                                <span class=\"meta-date-text\">\n                                    9 March 2022                                <\/span>\n                            <\/span>\n                                                                                                                                                                                                <span class=\"post-cat\">\n\n                                <i aria-hidden=\"true\" class=\"icon icon-folder\"><\/i>\n                                <a href=\"https:\/\/www.madmaze-experience.com\/en\/category\/mad-maze-en\/\" rel=\"category tag\">Mad Maze<\/a>                            <\/span>\n                                                                                    <\/div>\n                                                                            \n                                            \n                                                                                <\/div><!-- .elementskit-entry-header END -->\n\n                                                                            <div class=\"elementskit-post-footer\">\n                                                                                            <p>Mad Maze founders Follow us Facebook Instagram The origin of the Mad Maze park project 2015 It was during a trip to New Zealand that Kevin discovered the world&#8217;s first 3D maze. It&#8217;s a revelation!! He calls his cousin Maxime to the rescue, who has a useful background in finance\/management (and for fun too!). It&#8217;s&hellip; <a class=\"more-link\" href=\"https:\/\/www.madmaze-experience.com\/en\/mad-maze-founders\/\">Continue reading <span class=\"screen-reader-text\">Mad Maze founders<\/span><\/a><\/p>\n                                                                                                                                <\/div><!-- .elementskit-post-footer END -->\n                                                                    <\/div><!-- .elementskit-post-body END -->\n                            <\/div>\n                        <\/div>\n                    <\/div><!-- .elementskit-blog-block-post .radius .gradient-bg END -->\n                \n            <\/div>\n\n                    <\/div>\n        \n        \n                    <div \n            data-ekit-blog-post-style=\"simple\"\n            class=\"ekit-blog-post-pagination-container ekit-blog-post-pagination-style-simple\" \n            id=\"post-nagivation--7d41bbc\">\n                \n            <\/div>\n\n\n            <\/div>\t\t<\/div>\n\t\t\t\t<\/div>\n\t\t\t\t\t<\/div>\n\t\t<\/div>\n\t\t\t\t\t\t\t<\/div>\n\t\t<\/section>\n\t\t\t\t\t\t\t<\/div>\n\t\t","protected":false},"excerpt":{"rendered":"<p>Mad News Follow us Facebook Instagram Les fondateurs du MAD MAZE 9 mars 2022 Mad Maze Les fondateurs du MAD MAZE Suivez-nous Facebook Instagram L&#8217;origine du projet du parc Mad Maze 2015 C&#8217;est au cours d&#8217;un p\u00e9riple en Nouvelle-Z\u00e9lande que K\u00e9vin d\u00e9couvre le premier labyrinthe en 3D au monde. C&#8217;est une r\u00e9v\u00e9lation !! Il appelle&hellip; <a class=\"more-link\" href=\"https:\/\/www.madmaze-experience.com\/en\/mad-maze-founders\/\">Continue reading <span class=\"screen-reader-text\">Mad Maze founders<\/span><\/a><\/p>\n","protected":false},"author":1,"featured_media":0,"parent":0,"menu_order":0,"comment_status":"closed","ping_status":"closed","template":"elementor_header_footer","meta":[],"yoast_head":"<!-- This site is optimized with the Yoast SEO plugin v19.13 - https:\/\/yoast.com\/wordpress\/plugins\/seo\/ -->\n<title>Mad News - News from the leisure park in Ard\u00e8che - Mad maze<\/title>\n<meta name=\"description\" content=\"Discover the news and key information about the leisure park in Ard\u00e8che Mad Maze: giant wooden labyrinth in the heart of the forest\" \/>\n<meta name=\"robots\" content=\"index, follow, max-snippet:-1, max-image-preview:large, max-video-preview:-1\" \/>\n<link rel=\"canonical\" href=\"https:\/\/www.madmaze-experience.com\/en\/mad-news\/\" \/>\n<meta property=\"og:locale\" content=\"en_US\" \/>\n<meta property=\"og:type\" content=\"article\" \/>\n<meta property=\"og:title\" content=\"Mad News - News from the leisure park in Ard\u00e8che - Mad maze\" \/>\n<meta property=\"og:description\" content=\"Discover the news and key information about the leisure park in Ard\u00e8che Mad Maze: giant wooden labyrinth in the heart of the forest\" \/>\n<meta property=\"og:url\" content=\"https:\/\/www.madmaze-experience.com\/en\/mad-news\/\" \/>\n<meta property=\"og:site_name\" content=\"Mad Maze\" \/>\n<meta property=\"article:modified_time\" content=\"2022-06-24T08:44:18+00:00\" \/>\n<meta property=\"og:image\" content=\"https:\/\/www.madmaze-experience.com\/wp-content\/uploads\/2020\/09\/fondateurs-parc-mad-maze-680x1024.jpg\" \/>\n<meta name=\"twitter:card\" content=\"summary_large_image\" \/>\n<script type=\"application\/ld+json\" class=\"yoast-schema-graph\">{\"@context\":\"https:\/\/schema.org\",\"@graph\":[{\"@type\":\"WebPage\",\"@id\":\"https:\/\/www.madmaze-experience.com\/en\/mad-news\/\",\"url\":\"https:\/\/www.madmaze-experience.com\/en\/mad-news\/\",\"name\":\"Mad News - News from the leisure park in Ard\u00e8che - Mad maze\",\"isPartOf\":{\"@id\":\"https:\/\/www.madmaze-experience.com\/en\/#website\"},\"datePublished\":\"2022-03-21T13:37:23+00:00\",\"dateModified\":\"2022-06-24T08:44:18+00:00\",\"description\":\"Discover the news and key information about the leisure park in Ard\u00e8che Mad Maze: giant wooden labyrinth in the heart of the forest\",\"breadcrumb\":{\"@id\":\"https:\/\/www.madmaze-experience.com\/en\/mad-news\/#breadcrumb\"},\"inLanguage\":\"en-US\",\"potentialAction\":[{\"@type\":\"ReadAction\",\"target\":[\"https:\/\/www.madmaze-experience.com\/en\/mad-news\/\"]}]},{\"@type\":\"BreadcrumbList\",\"@id\":\"https:\/\/www.madmaze-experience.com\/en\/mad-news\/#breadcrumb\",\"itemListElement\":[{\"@type\":\"ListItem\",\"position\":1,\"name\":\"Accueil\",\"item\":\"https:\/\/www.madmaze-experience.com\/en\/home\/\"},{\"@type\":\"ListItem\",\"position\":2,\"name\":\"Mad News\"}]},{\"@type\":\"WebSite\",\"@id\":\"https:\/\/www.madmaze-experience.com\/en\/#website\",\"url\":\"https:\/\/www.madmaze-experience.com\/en\/\",\"name\":\"Mad Maze\",\"description\":\"Parc de loisirs avec labyrinthe g\u00e9ant en Ard\u00e8che\",\"publisher\":{\"@id\":\"https:\/\/www.madmaze-experience.com\/en\/#organization\"},\"potentialAction\":[{\"@type\":\"SearchAction\",\"target\":{\"@type\":\"EntryPoint\",\"urlTemplate\":\"https:\/\/www.madmaze-experience.com\/en\/?s={search_term_string}\"},\"query-input\":\"required name=search_term_string\"}],\"inLanguage\":\"en-US\"},{\"@type\":\"Organization\",\"@id\":\"https:\/\/www.madmaze-experience.com\/en\/#organization\",\"name\":\"Mad Maze\",\"url\":\"https:\/\/www.madmaze-experience.com\/en\/\",\"logo\":{\"@type\":\"ImageObject\",\"inLanguage\":\"en-US\",\"@id\":\"https:\/\/www.madmaze-experience.com\/en\/#\/schema\/logo\/image\/\",\"url\":\"https:\/\/www.madmaze-experience.com\/wp-content\/uploads\/2020\/12\/logo-footer-mad-maze-parc-loisirs-ardeche.png\",\"contentUrl\":\"https:\/\/www.madmaze-experience.com\/wp-content\/uploads\/2020\/12\/logo-footer-mad-maze-parc-loisirs-ardeche.png\",\"width\":254,\"height\":258,\"caption\":\"Mad Maze\"},\"image\":{\"@id\":\"https:\/\/www.madmaze-experience.com\/en\/#\/schema\/logo\/image\/\"}}]}<\/script>\n<!-- \/ Yoast SEO plugin. -->","yoast_head_json":{"title":"Mad News - News from the leisure park in Ard\u00e8che - Mad maze","description":"Discover the news and key information about the leisure park in Ard\u00e8che Mad Maze: giant wooden labyrinth in the heart of the forest","robots":{"index":"index","follow":"follow","max-snippet":"max-snippet:-1","max-image-preview":"max-image-preview:large","max-video-preview":"max-video-preview:-1"},"canonical":"https:\/\/www.madmaze-experience.com\/en\/mad-news\/","og_locale":"en_US","og_type":"article","og_title":"Mad News - News from the leisure park in Ard\u00e8che - Mad maze","og_description":"Discover the news and key information about the leisure park in Ard\u00e8che Mad Maze: giant wooden labyrinth in the heart of the forest","og_url":"https:\/\/www.madmaze-experience.com\/en\/mad-news\/","og_site_name":"Mad Maze","article_modified_time":"2022-06-24T08:44:18+00:00","og_image":[{"url":"https:\/\/www.madmaze-experience.com\/wp-content\/uploads\/2020\/09\/fondateurs-parc-mad-maze-680x1024.jpg"}],"twitter_card":"summary_large_image","schema":{"@context":"https:\/\/schema.org","@graph":[{"@type":"WebPage","@id":"https:\/\/www.madmaze-experience.com\/en\/mad-news\/","url":"https:\/\/www.madmaze-experience.com\/en\/mad-news\/","name":"Mad News - News from the leisure park in Ard\u00e8che - Mad maze","isPartOf":{"@id":"https:\/\/www.madmaze-experience.com\/en\/#website"},"datePublished":"2022-03-21T13:37:23+00:00","dateModified":"2022-06-24T08:44:18+00:00","description":"Discover the news and key information about the leisure park in Ard\u00e8che Mad Maze: giant wooden labyrinth in the heart of the forest","breadcrumb":{"@id":"https:\/\/www.madmaze-experience.com\/en\/mad-news\/#breadcrumb"},"inLanguage":"en-US","potentialAction":[{"@type":"ReadAction","target":["https:\/\/www.madmaze-experience.com\/en\/mad-news\/"]}]},{"@type":"BreadcrumbList","@id":"https:\/\/www.madmaze-experience.com\/en\/mad-news\/#breadcrumb","itemListElement":[{"@type":"ListItem","position":1,"name":"Accueil","item":"https:\/\/www.madmaze-experience.com\/en\/home\/"},{"@type":"ListItem","position":2,"name":"Mad News"}]},{"@type":"WebSite","@id":"https:\/\/www.madmaze-experience.com\/en\/#website","url":"https:\/\/www.madmaze-experience.com\/en\/","name":"Mad Maze","description":"Parc de loisirs avec labyrinthe g\u00e9ant en Ard\u00e8che","publisher":{"@id":"https:\/\/www.madmaze-experience.com\/en\/#organization"},"potentialAction":[{"@type":"SearchAction","target":{"@type":"EntryPoint","urlTemplate":"https:\/\/www.madmaze-experience.com\/en\/?s={search_term_string}"},"query-input":"required name=search_term_string"}],"inLanguage":"en-US"},{"@type":"Organization","@id":"https:\/\/www.madmaze-experience.com\/en\/#organization","name":"Mad Maze","url":"https:\/\/www.madmaze-experience.com\/en\/","logo":{"@type":"ImageObject","inLanguage":"en-US","@id":"https:\/\/www.madmaze-experience.com\/en\/#\/schema\/logo\/image\/","url":"https:\/\/www.madmaze-experience.com\/wp-content\/uploads\/2020\/12\/logo-footer-mad-maze-parc-loisirs-ardeche.png","contentUrl":"https:\/\/www.madmaze-experience.com\/wp-content\/uploads\/2020\/12\/logo-footer-mad-maze-parc-loisirs-ardeche.png","width":254,"height":258,"caption":"Mad Maze"},"image":{"@id":"https:\/\/www.madmaze-experience.com\/en\/#\/schema\/logo\/image\/"}}]}},"_links":{"self":[{"href":"https:\/\/www.madmaze-experience.com\/en\/wp-json\/wp\/v2\/pages\/16651"}],"collection":[{"href":"https:\/\/www.madmaze-experience.com\/en\/wp-json\/wp\/v2\/pages"}],"about":[{"href":"https:\/\/www.madmaze-experience.com\/en\/wp-json\/wp\/v2\/types\/page"}],"author":[{"embeddable":true,"href":"https:\/\/www.madmaze-experience.com\/en\/wp-json\/wp\/v2\/users\/1"}],"replies":[{"embeddable":true,"href":"https:\/\/www.madmaze-experience.com\/en\/wp-json\/wp\/v2\/comments?post=16651"}],"version-history":[{"count":1,"href":"https:\/\/www.madmaze-experience.com\/en\/wp-json\/wp\/v2\/pages\/16651\/revisions"}],"predecessor-version":[{"id":16652,"href":"https:\/\/www.madmaze-experience.com\/en\/wp-json\/wp\/v2\/pages\/16651\/revisions\/16652"}],"wp:attachment":[{"href":"https:\/\/www.madmaze-experience.com\/en\/wp-json\/wp\/v2\/media?parent=16651"}],"curies":[{"name":"wp","href":"https:\/\/api.w.org\/{rel}","templated":true}]}}